{"id":6035,"date":"2016-04-07T19:53:50","date_gmt":"2016-04-07T17:53:50","guid":{"rendered":"https:\/\/www.wellnessinhotel.it\/?page_id=6035"},"modified":"2020-04-19T19:08:49","modified_gmt":"2020-04-19T17:08:49","slug":"cookie-policy","status":"publish","type":"page","link":"https:\/\/www.wellnessinhotel.it\/?page_id=6035","title":{"rendered":"Cookie Policy"},"content":{"rendered":"\n<h3 class=\"wp-block-heading\">Cookie policy<\/h3>\n\n\n\n<p>Questa politica sui cookie spiega cosa sono i cookie e come li utilizziamo. \u00c8 necessario leggere questa politica per comprendere quali sono i cookie, come li utilizziamo, i tipi di cookie che utilizziamo, ovvero le informazioni che raccogliamo utilizzando i cookie e come tali informazioni vengono utilizzate e come controllare le preferenze dei cookie. Per ulteriori informazioni su come utilizziamo, archiviamo e proteggiamo i tuoi dati personali, consulta la nostra Informativa sulla privacy.<\/p>\n\n\n\n<p>Puoi in qualsiasi momento modificare o revocare il tuo consenso dalla Dichiarazione sui cookie sul nostro sito Web.<\/p>\n\n\n\n<p>Scopri di pi\u00f9 su chi siamo, come puoi contattarci e come trattiamo i dati personali nella nostra Informativa sulla privacy.<\/p>\n\n\n\n<p>Il tuo consenso si applica ai seguenti domini:&nbsp; <a href=\"https:\/\/www.wellnessinhotel.it\">www.wellnessinhotel.it<\/a><\/p>\n\n\n<p>[user_consent_state]<\/p>\n\n\n\n<h3 class=\"wp-block-heading\"><br>Cosa sono i cookies?<\/h3>\n\n\n\n<p>I cookie sono piccoli file di testo che vengono utilizzati per memorizzare piccole informazioni. I cookie vengono memorizzati sul tuo dispositivo quando il sito web viene caricato sul tuo browser. Questi cookie ci aiutano a far funzionare correttamente il sito Web, a renderlo pi\u00f9 sicuro, a fornire una migliore esperienza utente, a capire come si comporta il sito Web e analizzare ci\u00f2 che funziona e dove deve essere migliorato.<\/p>\n\n\n\n<h3 class=\"wp-block-heading\"><br>Come vengono utilizzati i cookies?<\/h3>\n\n\n\n<p>Come la maggior parte dei servizi online, il nostro sito Web utilizza i cookie proprietari e di terze parti per vari scopi. I cookie proprietari sono principalmente necessari per il corretto funzionamento del sito Web e non raccolgono dati identificativi dell&#8217;utente.<\/p>\n\n\n\n<p>I cookie di terze parti utilizzati sui nostri siti Web vengono utilizzati principalmente per comprendere le prestazioni del sito Web, come interagisci con il nostro sito Web, mantenendo i nostri servizi sicuri, fornendo annunci pubblicitari pertinenti per te e tutto sommato fornendoti un servizio migliore e migliorato esperienza utente e aiuto per accelerare le interazioni future con il nostro sito Web.<\/p>\n\n\n\n<h3 class=\"wp-block-heading\"><br>Quali tipi di cookies utilizziamo?<\/h3>\n\n\n\n<p><strong>Essenziale:<\/strong> alcuni cookie sono essenziali per poter provare la piena funzionalit\u00e0 del nostro sito. Ci consentono di mantenere sessioni utente e prevenire eventuali minacce alla sicurezza. Non raccolgono o memorizzano alcuna informazione personale. Ad esempio, questi cookie consentono di accedere al proprio account, aggiungere prodotti al carrello e effettuare il checkout in modo sicuro.<\/p>\n\n\n\n<p><strong>Statistiche:<\/strong> questi cookie memorizzano informazioni come il numero di visitatori del sito Web, il numero di visitatori unici, quali pagine del sito Web sono state visitate, l&#8217;origine della visita, ecc. Questi dati ci aiutano a capire e analizzare il rendimento del sito Web e dove ha bisogno di miglioramenti.<\/p>\n\n\n\n<p><strong>Funzionale<\/strong>: questi sono i cookie che aiutano alcune funzionalit\u00e0 non essenziali sul nostro sito Web. Queste funzionalit\u00e0 includono l&#8217;incorporamento di contenuti come video o la condivisione di contenuti sul sito Web su piattaforme di social media.<\/p>\n\n\n\n<p><strong>Preferenze<\/strong>: questi cookie ci aiutano a memorizzare le tue impostazioni e le preferenze di navigazione come le preferenze della lingua in modo da avere un&#8217;esperienza migliore ed efficiente nelle future visite al sito Web.<\/p>\n\n\n<p>[cookie_audit columns=&#8221;cookie,description&#8221; heading=&#8221;L&#8217;elenco che segue dettaglia i cookie utilizzati nel nostro sito Web.&#8221;]<\/p>\n\n\n\n<h3 class=\"wp-block-heading\"><br>Come posso controllare le preferenze sui cookie?<\/h3>\n\n\n\n<p>Se decidi di modificare le tue preferenze in un secondo momento durante la sessione di navigazione, puoi fare clic sulla scheda &#8220;<strong>Informativa sulla privacy e sui cookie<\/strong>&#8221; sullo schermo. Ci\u00f2 visualizzer\u00e0 nuovamente l&#8217;avviso di consenso che ti consentir\u00e0 di modificare le tue preferenze o revocare completamente il tuo consenso.<\/p>\n\n\n\n<p>Inoltre, diversi browser offrono metodi diversi per bloccare ed eliminare i cookie utilizzati dai siti Web. \u00c8 possibile modificare le impostazioni del browser per bloccare \/ eliminare i cookie. Per saperne di pi\u00f9 su come gestire ed eliminare i cookie, <a href=\"https:\/\/en.wikipedia.org\/wiki\/HTTP_cookie\" target=\"_blank\" rel=\"noreferrer noopener\">wikipedia.org<\/a>, <a href=\"http:\/\/www.allaboutcookies.org\/\" target=\"_blank\" rel=\"noreferrer noopener\">www.allaboutcookies.org.<\/a><\/p>\n","protected":false},"excerpt":{"rendered":"<p>Cookie policy Questa politica sui cookie spiega cosa sono i cookie e come li utilizziamo. \u00c8 necessario leggere questa politica per comprendere quali sono i cookie, come li utilizziamo, i tipi di cookie che utilizziamo, ovvero le informazioni che raccogliamo utilizzando i cookie e come tali informazioni vengono utilizzate e come controllare le preferenze dei [&hellip;]<\/p>\n","protected":false},"author":1,"featured_media":0,"parent":0,"menu_order":0,"comment_status":"closed","ping_status":"closed","template":"","meta":{"footnotes":""},"class_list":["post-6035","page","type-page","status-publish","hentry"],"yoast_head":"<!-- This site is optimized with the Yoast SEO plugin v25.6 - https:\/\/yoast.com\/wordpress\/plugins\/seo\/ -->\n<title>Cookie Policy - Wellness In Hotel<\/title>\n<meta name=\"robots\" content=\"index, follow, max-snippet:-1, max-image-preview:large, max-video-preview:-1\" \/>\n<link rel=\"canonical\" href=\"https:\/\/www.wellnessinhotel.it\/?page_id=6035\" \/>\n<meta property=\"og:locale\" content=\"it_IT\" \/>\n<meta property=\"og:type\" content=\"article\" \/>\n<meta property=\"og:title\" content=\"Cookie Policy - Wellness In Hotel\" \/>\n<meta property=\"og:description\" content=\"Cookie policy Questa politica sui cookie spiega cosa sono i cookie e come li utilizziamo. \u00c8 necessario leggere questa politica per comprendere quali sono i cookie, come li utilizziamo, i tipi di cookie che utilizziamo, ovvero le informazioni che raccogliamo utilizzando i cookie e come tali informazioni vengono utilizzate e come controllare le preferenze dei [&hellip;]\" \/>\n<meta property=\"og:url\" content=\"https:\/\/www.wellnessinhotel.it\/?page_id=6035\" \/>\n<meta property=\"og:site_name\" content=\"Wellness In Hotel\" \/>\n<meta property=\"article:modified_time\" content=\"2020-04-19T17:08:49+00:00\" \/>\n<meta name=\"twitter:card\" content=\"summary_large_image\" \/>\n<meta name=\"twitter:label1\" content=\"Tempo di lettura stimato\" \/>\n\t<meta name=\"twitter:data1\" content=\"3 minuti\" \/>\n<script type=\"application\/ld+json\" class=\"yoast-schema-graph\">{\"@context\":\"https:\/\/schema.org\",\"@graph\":[{\"@type\":\"WebPage\",\"@id\":\"https:\/\/www.wellnessinhotel.it\/?page_id=6035\",\"url\":\"https:\/\/www.wellnessinhotel.it\/?page_id=6035\",\"name\":\"Cookie Policy - Wellness In Hotel\",\"isPartOf\":{\"@id\":\"https:\/\/www.wellnessinhotel.it\/#website\"},\"datePublished\":\"2016-04-07T17:53:50+00:00\",\"dateModified\":\"2020-04-19T17:08:49+00:00\",\"breadcrumb\":{\"@id\":\"https:\/\/www.wellnessinhotel.it\/?page_id=6035#breadcrumb\"},\"inLanguage\":\"it-IT\",\"potentialAction\":[{\"@type\":\"ReadAction\",\"target\":[\"https:\/\/www.wellnessinhotel.it\/?page_id=6035\"]}]},{\"@type\":\"BreadcrumbList\",\"@id\":\"https:\/\/www.wellnessinhotel.it\/?page_id=6035#breadcrumb\",\"itemListElement\":[{\"@type\":\"ListItem\",\"position\":1,\"name\":\"Home\",\"item\":\"https:\/\/www.wellnessinhotel.it\/\"},{\"@type\":\"ListItem\",\"position\":2,\"name\":\"Cookie Policy\"}]},{\"@type\":\"WebSite\",\"@id\":\"https:\/\/www.wellnessinhotel.it\/#website\",\"url\":\"https:\/\/www.wellnessinhotel.it\/\",\"name\":\"Wellness In Hotel\",\"description\":\"Istanti di benessere\",\"potentialAction\":[{\"@type\":\"SearchAction\",\"target\":{\"@type\":\"EntryPoint\",\"urlTemplate\":\"https:\/\/www.wellnessinhotel.it\/?s={search_term_string}\"},\"query-input\":{\"@type\":\"PropertyValueSpecification\",\"valueRequired\":true,\"valueName\":\"search_term_string\"}}],\"inLanguage\":\"it-IT\"}]}<\/script>\n<!-- \/ Yoast SEO plugin. -->","yoast_head_json":{"title":"Cookie Policy - Wellness In Hotel","robots":{"index":"index","follow":"follow","max-snippet":"max-snippet:-1","max-image-preview":"max-image-preview:large","max-video-preview":"max-video-preview:-1"},"canonical":"https:\/\/www.wellnessinhotel.it\/?page_id=6035","og_locale":"it_IT","og_type":"article","og_title":"Cookie Policy - Wellness In Hotel","og_description":"Cookie policy Questa politica sui cookie spiega cosa sono i cookie e come li utilizziamo. \u00c8 necessario leggere questa politica per comprendere quali sono i cookie, come li utilizziamo, i tipi di cookie che utilizziamo, ovvero le informazioni che raccogliamo utilizzando i cookie e come tali informazioni vengono utilizzate e come controllare le preferenze dei [&hellip;]","og_url":"https:\/\/www.wellnessinhotel.it\/?page_id=6035","og_site_name":"Wellness In Hotel","article_modified_time":"2020-04-19T17:08:49+00:00","twitter_card":"summary_large_image","twitter_misc":{"Tempo di lettura stimato":"3 minuti"},"schema":{"@context":"https:\/\/schema.org","@graph":[{"@type":"WebPage","@id":"https:\/\/www.wellnessinhotel.it\/?page_id=6035","url":"https:\/\/www.wellnessinhotel.it\/?page_id=6035","name":"Cookie Policy - Wellness In Hotel","isPartOf":{"@id":"https:\/\/www.wellnessinhotel.it\/#website"},"datePublished":"2016-04-07T17:53:50+00:00","dateModified":"2020-04-19T17:08:49+00:00","breadcrumb":{"@id":"https:\/\/www.wellnessinhotel.it\/?page_id=6035#breadcrumb"},"inLanguage":"it-IT","potentialAction":[{"@type":"ReadAction","target":["https:\/\/www.wellnessinhotel.it\/?page_id=6035"]}]},{"@type":"BreadcrumbList","@id":"https:\/\/www.wellnessinhotel.it\/?page_id=6035#breadcrumb","itemListElement":[{"@type":"ListItem","position":1,"name":"Home","item":"https:\/\/www.wellnessinhotel.it\/"},{"@type":"ListItem","position":2,"name":"Cookie Policy"}]},{"@type":"WebSite","@id":"https:\/\/www.wellnessinhotel.it\/#website","url":"https:\/\/www.wellnessinhotel.it\/","name":"Wellness In Hotel","description":"Istanti di benessere","potentialAction":[{"@type":"SearchAction","target":{"@type":"EntryPoint","urlTemplate":"https:\/\/www.wellnessinhotel.it\/?s={search_term_string}"},"query-input":{"@type":"PropertyValueSpecification","valueRequired":true,"valueName":"search_term_string"}}],"inLanguage":"it-IT"}]}},"_links":{"self":[{"href":"https:\/\/www.wellnessinhotel.it\/index.php?rest_route=\/wp\/v2\/pages\/6035","targetHints":{"allow":["GET"]}}],"collection":[{"href":"https:\/\/www.wellnessinhotel.it\/index.php?rest_route=\/wp\/v2\/pages"}],"about":[{"href":"https:\/\/www.wellnessinhotel.it\/index.php?rest_route=\/wp\/v2\/types\/page"}],"author":[{"embeddable":true,"href":"https:\/\/www.wellnessinhotel.it\/index.php?rest_route=\/wp\/v2\/users\/1"}],"replies":[{"embeddable":true,"href":"https:\/\/www.wellnessinhotel.it\/index.php?rest_route=%2Fwp%2Fv2%2Fcomments&post=6035"}],"version-history":[{"count":2,"href":"https:\/\/www.wellnessinhotel.it\/index.php?rest_route=\/wp\/v2\/pages\/6035\/revisions"}],"predecessor-version":[{"id":6473,"href":"https:\/\/www.wellnessinhotel.it\/index.php?rest_route=\/wp\/v2\/pages\/6035\/revisions\/6473"}],"wp:attachment":[{"href":"https:\/\/www.wellnessinhotel.it\/index.php?rest_route=%2Fwp%2Fv2%2Fmedia&parent=6035"}],"curies":[{"name":"wp","href":"https:\/\/api.w.org\/{rel}","templated":true}]}}